{"id":1738,"date":"2025-10-31T11:58:27","date_gmt":"2025-10-31T11:58:27","guid":{"rendered":"https:\/\/courseai-dev.host3ip.eu\/privacy-policy-2\/"},"modified":"2025-11-04T12:05:39","modified_gmt":"2025-11-04T12:05:39","slug":"privacy-policy","status":"publish","type":"page","link":"https:\/\/courseai.eu\/fr\/privacy-policy\/","title":{"rendered":"Privacy Policy"},"content":{"rendered":"\n<div class=\"wp-block-group is-layout-constrained wp-container-core-group-is-layout-bea02a06 wp-block-group-is-layout-constrained\">\n<h2 class=\"wp-block-heading\">Privacy Policy<\/h2>\n\n\n\n<p>Derni\u00e8re mise \u00e0 jour: 27\/10\/2025<\/p>\n\n\n\n<p>Chez <strong>CourseAI<\/strong>, nous nous engageons \u00e0 prot\u00e9ger votre vie priv\u00e9e. Cette politique d\u00e9crit comment nous collectons, utilisons et prot\u00e9geons vos informations personnelles.<\/p>\n\n\n\n<h3 class=\"wp-block-heading\"><strong>1. <strong>Collecte de donn\u00e9es<\/strong><\/strong><\/h3>\n\n\n\n<p>Nous collectons les informations que vous nous fournissez directement, telles que votre nom, votre adresse e-mail et les donn\u00e9es relatives \u00e0 l\u2019utilisation du service. Nous recueillons \u00e9galement automatiquement des informations au moyen de <strong>cookies<\/strong> et de technologies similaires.<\/p>\n\n\n\n<h3 class=\"wp-block-heading\"><strong>2. <strong>Utilisation des donn\u00e9es<\/strong><\/strong><\/h3>\n\n\n\n<p>Nous utilisons vos informations pour <strong>fournir et am\u00e9liorer nos services<\/strong>, communiquer avec vous et personnaliser votre exp\u00e9rience.<br>Nous ne vendons pas vos informations personnelles \u00e0 des tiers.<\/p>\n\n\n\n<h3 class=\"wp-block-heading\"><strong>3. <strong>S\u00e9curit\u00e9 des donn\u00e9es<\/strong><\/strong><\/h3>\n\n\n\n<p>Nous mettons en \u0153uvre des <strong>mesures de s\u00e9curit\u00e9 techniques et organisationnelles<\/strong> afin de prot\u00e9ger vos informations contre tout acc\u00e8s non autoris\u00e9, toute modification ou destruction.<\/p>\n\n\n\n<h3 class=\"wp-block-heading\"><strong>4. Cookies<\/strong><\/h3>\n\n\n\n<p>Nous utilisons des <strong>cookies<\/strong> pour am\u00e9liorer la fonctionnalit\u00e9 du site et analyser l\u2019utilisation du service.<br>Vous pouvez configurer votre navigateur pour refuser les cookies, mais cela peut affecter certaines fonctionnalit\u00e9s du site.<\/p>\n\n\n\n<h3 class=\"wp-block-heading\"><strong>5. <strong>Vos droits<\/strong><\/strong><\/h3>\n\n\n\n<p>Vous avez le droit <strong>d\u2019acc\u00e9der, de corriger ou de supprimer<\/strong> vos informations personnelles. Vous pouvez exercer ces droits en nous contactant directement.<\/p>\n\n\n\n<h3 class=\"wp-block-heading\"><strong>6. <strong>Modifications de cette politique<\/strong><\/strong><\/h3>\n\n\n\n<p>Nous pouvons mettre \u00e0 jour cette politique de confidentialit\u00e9 p\u00e9riodiquement. Nous vous informerons de tout changement important en publiant la nouvelle version sur cette page.<\/p>\n\n\n\n<h3 class=\"wp-block-heading\"><strong>7. Contact<\/strong><\/h3>\n\n\n\n<p>Si vous avez des questions concernant cette politique de confidentialit\u00e9, veuillez nous contacter par nos canaux officiels.<\/p>\n<\/div>\n","protected":false},"excerpt":{"rendered":"<p>Privacy Policy Derni\u00e8re mise \u00e0 jour: 27\/10\/2025 Chez CourseAI, nous nous engageons \u00e0 prot\u00e9ger votre vie priv\u00e9e. Cette politique d\u00e9crit [&hellip;]<\/p>\n","protected":false},"author":1,"featured_media":0,"parent":0,"menu_order":0,"comment_status":"closed","ping_status":"closed","template":"","meta":{"site-sidebar-layout":"default","site-content-layout":"","ast-site-content-layout":"full-width-container","site-content-style":"default","site-sidebar-style":"default","ast-global-header-display":"","ast-banner-title-visibility":"","ast-main-header-display":"","ast-hfb-above-header-display":"","ast-hfb-below-header-display":"","ast-hfb-mobile-header-display":"","site-post-title":"disabled","ast-breadcrumbs-content":"","ast-featured-img":"","footer-sml-layout":"","ast-disable-related-posts":"","theme-transparent-header-meta":"","adv-header-id-meta":"","stick-header-meta":"","header-above-stick-meta":"","header-main-stick-meta":"","header-below-stick-meta":"","astra-migrate-meta-layouts":"default","ast-page-background-enabled":"default","ast-page-background-meta":{"desktop":{"background-color":"var(--ast-global-color-5)","background-image":"","background-repeat":"repeat","background-position":"center center","background-size":"auto","background-attachment":"scroll","background-type":"","background-media":"","overlay-type":"","overlay-color":"","overlay-opacity":"","overlay-gradient":""},"tablet":{"background-color":"","background-image":"","background-repeat":"repeat","background-position":"center center","background-size":"auto","background-attachment":"scroll","background-type":"","background-media":"","overlay-type":"","overlay-color":"","overlay-opacity":"","overlay-gradient":""},"mobile":{"background-color":"","background-image":"","background-repeat":"repeat","background-position":"center center","background-size":"auto","background-attachment":"scroll","background-type":"","background-media":"","overlay-type":"","overlay-color":"","overlay-opacity":"","overlay-gradient":""}},"ast-content-background-meta":{"desktop":{"background-color":"var(--ast-global-color-4)","background-image":"","background-repeat":"repeat","background-position":"center center","background-size":"auto","background-attachment":"scroll","background-type":"","background-media":"","overlay-type":"","overlay-color":"","overlay-opacity":"","overlay-gradient":""},"tablet":{"background-color":"var(--ast-global-color-4)","background-image":"","background-repeat":"repeat","background-position":"center center","background-size":"auto","background-attachment":"scroll","background-type":"","background-media":"","overlay-type":"","overlay-color":"","overlay-opacity":"","overlay-gradient":""},"mobile":{"background-color":"var(--ast-global-color-4)","background-image":"","background-repeat":"repeat","background-position":"center center","background-size":"auto","background-attachment":"scroll","background-type":"","background-media":"","overlay-type":"","overlay-color":"","overlay-opacity":"","overlay-gradient":""}},"footnotes":""},"class_list":["post-1738","page","type-page","status-publish","hentry"],"yoast_head":"<!-- This site is optimized with the Yoast SEO plugin v26.3 - https:\/\/yoast.com\/wordpress\/plugins\/seo\/ -->\n<title>Privacy Policy - Course AI<\/title>\n<meta name=\"robots\" content=\"index, follow, max-snippet:-1, max-image-preview:large, max-video-preview:-1\" \/>\n<link rel=\"canonical\" href=\"https:\/\/courseai.eu\/fr\/privacy-policy\/\" \/>\n<meta property=\"og:locale\" content=\"fr_FR\" \/>\n<meta property=\"og:type\" content=\"article\" \/>\n<meta property=\"og:title\" content=\"Privacy Policy - Course AI\" \/>\n<meta property=\"og:description\" content=\"Privacy Policy Derni\u00e8re mise \u00e0 jour: 27\/10\/2025 Chez CourseAI, nous nous engageons \u00e0 prot\u00e9ger votre vie priv\u00e9e. Cette politique d\u00e9crit [&hellip;]\" \/>\n<meta property=\"og:url\" content=\"https:\/\/courseai.eu\/fr\/privacy-policy\/\" \/>\n<meta property=\"og:site_name\" content=\"Course AI\" \/>\n<meta property=\"article:modified_time\" content=\"2025-11-04T12:05:39+00:00\" \/>\n<meta property=\"og:image\" content=\"https:\/\/courseai.eu\/wp-content\/uploads\/2025\/08\/thumbnail.png\" \/>\n\t<meta property=\"og:image:width\" content=\"559\" \/>\n\t<meta property=\"og:image:height\" content=\"337\" \/>\n\t<meta property=\"og:image:type\" content=\"image\/png\" \/>\n<meta name=\"twitter:card\" content=\"summary_large_image\" \/>\n<meta name=\"twitter:label1\" content=\"Dur\u00e9e de lecture estim\u00e9e\" \/>\n\t<meta name=\"twitter:data1\" content=\"1 minute\" \/>\n<script type=\"application\/ld+json\" class=\"yoast-schema-graph\">{\"@context\":\"https:\/\/schema.org\",\"@graph\":[{\"@type\":\"WebPage\",\"@id\":\"https:\/\/courseai.eu\/fr\/privacy-policy\/\",\"url\":\"https:\/\/courseai.eu\/fr\/privacy-policy\/\",\"name\":\"Privacy Policy - Course AI\",\"isPartOf\":{\"@id\":\"https:\/\/courseai.eu\/#website\"},\"datePublished\":\"2025-10-31T11:58:27+00:00\",\"dateModified\":\"2025-11-04T12:05:39+00:00\",\"breadcrumb\":{\"@id\":\"https:\/\/courseai.eu\/fr\/privacy-policy\/#breadcrumb\"},\"inLanguage\":\"fr-FR\",\"potentialAction\":[{\"@type\":\"ReadAction\",\"target\":[\"https:\/\/courseai.eu\/fr\/privacy-policy\/\"]}]},{\"@type\":\"BreadcrumbList\",\"@id\":\"https:\/\/courseai.eu\/fr\/privacy-policy\/#breadcrumb\",\"itemListElement\":[{\"@type\":\"ListItem\",\"position\":1,\"name\":\"Home\",\"item\":\"https:\/\/courseai.eu\/fr\/\"},{\"@type\":\"ListItem\",\"position\":2,\"name\":\"Privacy Policy\"}]},{\"@type\":\"WebSite\",\"@id\":\"https:\/\/courseai.eu\/#website\",\"url\":\"https:\/\/courseai.eu\/\",\"name\":\"Course AI\",\"description\":\"\",\"publisher\":{\"@id\":\"https:\/\/courseai.eu\/#organization\"},\"alternateName\":\"Create amazing content\\u2028with the Course AI plugin\",\"potentialAction\":[{\"@type\":\"SearchAction\",\"target\":{\"@type\":\"EntryPoint\",\"urlTemplate\":\"https:\/\/courseai.eu\/?s={search_term_string}\"},\"query-input\":{\"@type\":\"PropertyValueSpecification\",\"valueRequired\":true,\"valueName\":\"search_term_string\"}}],\"inLanguage\":\"fr-FR\"},{\"@type\":\"Organization\",\"@id\":\"https:\/\/courseai.eu\/#organization\",\"name\":\"Course AI\",\"url\":\"https:\/\/courseai.eu\/\",\"logo\":{\"@type\":\"ImageObject\",\"inLanguage\":\"fr-FR\",\"@id\":\"https:\/\/courseai.eu\/#\/schema\/logo\/image\/\",\"url\":\"https:\/\/courseai.eu\/wp-content\/uploads\/2025\/08\/thumbnail.png\",\"contentUrl\":\"https:\/\/courseai.eu\/wp-content\/uploads\/2025\/08\/thumbnail.png\",\"width\":559,\"height\":337,\"caption\":\"Course AI\"},\"image\":{\"@id\":\"https:\/\/courseai.eu\/#\/schema\/logo\/image\/\"}}]}<\/script>\n<!-- \/ Yoast SEO plugin. -->","yoast_head_json":{"title":"Privacy Policy - Course AI","robots":{"index":"index","follow":"follow","max-snippet":"max-snippet:-1","max-image-preview":"max-image-preview:large","max-video-preview":"max-video-preview:-1"},"canonical":"https:\/\/courseai.eu\/fr\/privacy-policy\/","og_locale":"fr_FR","og_type":"article","og_title":"Privacy Policy - Course AI","og_description":"Privacy Policy Derni\u00e8re mise \u00e0 jour: 27\/10\/2025 Chez CourseAI, nous nous engageons \u00e0 prot\u00e9ger votre vie priv\u00e9e. Cette politique d\u00e9crit [&hellip;]","og_url":"https:\/\/courseai.eu\/fr\/privacy-policy\/","og_site_name":"Course AI","article_modified_time":"2025-11-04T12:05:39+00:00","og_image":[{"width":559,"height":337,"url":"https:\/\/courseai.eu\/wp-content\/uploads\/2025\/08\/thumbnail.png","type":"image\/png"}],"twitter_card":"summary_large_image","twitter_misc":{"Dur\u00e9e de lecture estim\u00e9e":"1 minute"},"schema":{"@context":"https:\/\/schema.org","@graph":[{"@type":"WebPage","@id":"https:\/\/courseai.eu\/fr\/privacy-policy\/","url":"https:\/\/courseai.eu\/fr\/privacy-policy\/","name":"Privacy Policy - Course AI","isPartOf":{"@id":"https:\/\/courseai.eu\/#website"},"datePublished":"2025-10-31T11:58:27+00:00","dateModified":"2025-11-04T12:05:39+00:00","breadcrumb":{"@id":"https:\/\/courseai.eu\/fr\/privacy-policy\/#breadcrumb"},"inLanguage":"fr-FR","potentialAction":[{"@type":"ReadAction","target":["https:\/\/courseai.eu\/fr\/privacy-policy\/"]}]},{"@type":"BreadcrumbList","@id":"https:\/\/courseai.eu\/fr\/privacy-policy\/#breadcrumb","itemListElement":[{"@type":"ListItem","position":1,"name":"Home","item":"https:\/\/courseai.eu\/fr\/"},{"@type":"ListItem","position":2,"name":"Privacy Policy"}]},{"@type":"WebSite","@id":"https:\/\/courseai.eu\/#website","url":"https:\/\/courseai.eu\/","name":"Course AI","description":"","publisher":{"@id":"https:\/\/courseai.eu\/#organization"},"alternateName":"Create amazing content\u2028with the Course AI plugin","potentialAction":[{"@type":"SearchAction","target":{"@type":"EntryPoint","urlTemplate":"https:\/\/courseai.eu\/?s={search_term_string}"},"query-input":{"@type":"PropertyValueSpecification","valueRequired":true,"valueName":"search_term_string"}}],"inLanguage":"fr-FR"},{"@type":"Organization","@id":"https:\/\/courseai.eu\/#organization","name":"Course AI","url":"https:\/\/courseai.eu\/","logo":{"@type":"ImageObject","inLanguage":"fr-FR","@id":"https:\/\/courseai.eu\/#\/schema\/logo\/image\/","url":"https:\/\/courseai.eu\/wp-content\/uploads\/2025\/08\/thumbnail.png","contentUrl":"https:\/\/courseai.eu\/wp-content\/uploads\/2025\/08\/thumbnail.png","width":559,"height":337,"caption":"Course AI"},"image":{"@id":"https:\/\/courseai.eu\/#\/schema\/logo\/image\/"}}]}},"_links":{"self":[{"href":"https:\/\/courseai.eu\/fr\/wp-json\/wp\/v2\/pages\/1738","targetHints":{"allow":["GET"]}}],"collection":[{"href":"https:\/\/courseai.eu\/fr\/wp-json\/wp\/v2\/pages"}],"about":[{"href":"https:\/\/courseai.eu\/fr\/wp-json\/wp\/v2\/types\/page"}],"author":[{"embeddable":true,"href":"https:\/\/courseai.eu\/fr\/wp-json\/wp\/v2\/users\/1"}],"replies":[{"embeddable":true,"href":"https:\/\/courseai.eu\/fr\/wp-json\/wp\/v2\/comments?post=1738"}],"version-history":[{"count":1,"href":"https:\/\/courseai.eu\/fr\/wp-json\/wp\/v2\/pages\/1738\/revisions"}],"predecessor-version":[{"id":1743,"href":"https:\/\/courseai.eu\/fr\/wp-json\/wp\/v2\/pages\/1738\/revisions\/1743"}],"wp:attachment":[{"href":"https:\/\/courseai.eu\/fr\/wp-json\/wp\/v2\/media?parent=1738"}],"curies":[{"name":"wp","href":"https:\/\/api.w.org\/{rel}","templated":true}]}}