{"id":1739,"date":"2025-10-31T11:58:27","date_gmt":"2025-10-31T11:58:27","guid":{"rendered":"https:\/\/courseai-dev.host3ip.eu\/privacy-policy-2\/"},"modified":"2025-11-04T12:04:58","modified_gmt":"2025-11-04T12:04:58","slug":"privacy-policy","status":"publish","type":"page","link":"https:\/\/courseai.eu\/es\/privacy-policy\/","title":{"rendered":"Privacy Policy"},"content":{"rendered":"\n<div class=\"wp-block-group is-layout-constrained wp-container-core-group-is-layout-bea02a06 wp-block-group-is-layout-constrained\">\n<h2 class=\"wp-block-heading\">Privacy Policy<\/h2>\n\n\n\n<p>Last updated: 27\/10\/2025<\/p>\n\n\n\n<p>En <strong>CourseAI<\/strong>, estamos comprometidos con la protecci\u00f3n de tu privacidad. Esta pol\u00edtica describe c\u00f3mo recopilamos, utilizamos y protegemos tu informaci\u00f3n personal.<\/p>\n\n\n\n<h3 class=\"wp-block-heading\"><strong>1. <strong>Recopilaci\u00f3n de datos<\/strong><\/strong><\/h3>\n\n\n\n<p>Recopilamos la informaci\u00f3n que nos proporcionas directamente, como tu nombre, correo electr\u00f3nico y datos sobre el uso del servicio. Tambi\u00e9n recopilamos informaci\u00f3n autom\u00e1ticamente mediante <strong>cookies<\/strong> y tecnolog\u00edas similares.<\/p>\n\n\n\n<h3 class=\"wp-block-heading\"><strong>2. <strong>Uso de los datos<\/strong><\/strong><\/h3>\n\n\n\n<p>Utilizamos tu informaci\u00f3n para <strong>ofrecer y mejorar nuestros servicios<\/strong>, comunicarnos contigo y personalizar tu experiencia.<br>No vendemos tu informaci\u00f3n personal a terceros.<\/p>\n\n\n\n<h3 class=\"wp-block-heading\"><strong>3. <strong>Seguridad de los datos<\/strong><\/strong><\/h3>\n\n\n\n<p>Implementamos <strong>medidas de seguridad t\u00e9cnicas y organizativas<\/strong> para proteger tu informaci\u00f3n frente al acceso no autorizado, la alteraci\u00f3n o la destrucci\u00f3n.<\/p>\n\n\n\n<h3 class=\"wp-block-heading\"><strong>4. <strong>Cookies<\/strong><\/strong><\/h3>\n\n\n\n<p>Usamos <strong>cookies<\/strong> para mejorar la funcionalidad del sitio y analizar el uso del servicio.<br>Puedes configurar tu navegador para rechazar las cookies, aunque esto puede afectar algunas funciones del sitio.<\/p>\n\n\n\n<h3 class=\"wp-block-heading\"><strong>5. <strong>Tus derechos<\/strong><\/strong><\/h3>\n\n\n\n<p>Tienes derecho a <strong>acceder, corregir o eliminar<\/strong> tu informaci\u00f3n personal. Puedes ejercer estos derechos contact\u00e1ndonos directamente.<\/p>\n\n\n\n<h3 class=\"wp-block-heading\"><strong>6. <strong>Cambios en esta pol\u00edtica<\/strong><\/strong><\/h3>\n\n\n\n<p>Podemos actualizar esta pol\u00edtica de privacidad peri\u00f3dicamente. Te notificaremos sobre los cambios importantes publicando la nueva versi\u00f3n en esta p\u00e1gina.<\/p>\n\n\n\n<h3 class=\"wp-block-heading\"><strong>7. <strong>Contacto<\/strong><\/strong><\/h3>\n\n\n\n<p>Si tienes preguntas sobre esta pol\u00edtica de privacidad, contacta con nosotros a trav\u00e9s de nuestros canales oficiales.<\/p>\n<\/div>\n","protected":false},"excerpt":{"rendered":"<p>Privacy Policy Last updated: 27\/10\/2025 En CourseAI, estamos comprometidos con la protecci\u00f3n de tu privacidad. Esta pol\u00edtica describe c\u00f3mo recopilamos, [&hellip;]<\/p>\n","protected":false},"author":1,"featured_media":0,"parent":0,"menu_order":0,"comment_status":"closed","ping_status":"closed","template":"","meta":{"site-sidebar-layout":"default","site-content-layout":"","ast-site-content-layout":"full-width-container","site-content-style":"default","site-sidebar-style":"default","ast-global-header-display":"","ast-banner-title-visibility":"","ast-main-header-display":"","ast-hfb-above-header-display":"","ast-hfb-below-header-display":"","ast-hfb-mobile-header-display":"","site-post-title":"disabled","ast-breadcrumbs-content":"","ast-featured-img":"","footer-sml-layout":"","ast-disable-related-posts":"","theme-transparent-header-meta":"","adv-header-id-meta":"","stick-header-meta":"","header-above-stick-meta":"","header-main-stick-meta":"","header-below-stick-meta":"","astra-migrate-meta-layouts":"default","ast-page-background-enabled":"default","ast-page-background-meta":{"desktop":{"background-color":"var(--ast-global-color-5)","background-image":"","background-repeat":"repeat","background-position":"center center","background-size":"auto","background-attachment":"scroll","background-type":"","background-media":"","overlay-type":"","overlay-color":"","overlay-opacity":"","overlay-gradient":""},"tablet":{"background-color":"","background-image":"","background-repeat":"repeat","background-position":"center center","background-size":"auto","background-attachment":"scroll","background-type":"","background-media":"","overlay-type":"","overlay-color":"","overlay-opacity":"","overlay-gradient":""},"mobile":{"background-color":"","background-image":"","background-repeat":"repeat","background-position":"center center","background-size":"auto","background-attachment":"scroll","background-type":"","background-media":"","overlay-type":"","overlay-color":"","overlay-opacity":"","overlay-gradient":""}},"ast-content-background-meta":{"desktop":{"background-color":"var(--ast-global-color-4)","background-image":"","background-repeat":"repeat","background-position":"center center","background-size":"auto","background-attachment":"scroll","background-type":"","background-media":"","overlay-type":"","overlay-color":"","overlay-opacity":"","overlay-gradient":""},"tablet":{"background-color":"var(--ast-global-color-4)","background-image":"","background-repeat":"repeat","background-position":"center center","background-size":"auto","background-attachment":"scroll","background-type":"","background-media":"","overlay-type":"","overlay-color":"","overlay-opacity":"","overlay-gradient":""},"mobile":{"background-color":"var(--ast-global-color-4)","background-image":"","background-repeat":"repeat","background-position":"center center","background-size":"auto","background-attachment":"scroll","background-type":"","background-media":"","overlay-type":"","overlay-color":"","overlay-opacity":"","overlay-gradient":""}},"footnotes":""},"class_list":["post-1739","page","type-page","status-publish","hentry"],"yoast_head":"<!-- This site is optimized with the Yoast SEO plugin v26.3 - https:\/\/yoast.com\/wordpress\/plugins\/seo\/ -->\n<title>Privacy Policy - Course AI<\/title>\n<meta name=\"robots\" content=\"index, follow, max-snippet:-1, max-image-preview:large, max-video-preview:-1\" \/>\n<link rel=\"canonical\" href=\"https:\/\/courseai.eu\/es\/privacy-policy\/\" \/>\n<meta property=\"og:locale\" content=\"es_ES\" \/>\n<meta property=\"og:type\" content=\"article\" \/>\n<meta property=\"og:title\" content=\"Privacy Policy - Course AI\" \/>\n<meta property=\"og:description\" content=\"Privacy Policy Last updated: 27\/10\/2025 En CourseAI, estamos comprometidos con la protecci\u00f3n de tu privacidad. Esta pol\u00edtica describe c\u00f3mo recopilamos, [&hellip;]\" \/>\n<meta property=\"og:url\" content=\"https:\/\/courseai.eu\/es\/privacy-policy\/\" \/>\n<meta property=\"og:site_name\" content=\"Course AI\" \/>\n<meta property=\"article:modified_time\" content=\"2025-11-04T12:04:58+00:00\" \/>\n<meta property=\"og:image\" content=\"https:\/\/courseai.eu\/wp-content\/uploads\/2025\/08\/thumbnail.png\" \/>\n\t<meta property=\"og:image:width\" content=\"559\" \/>\n\t<meta property=\"og:image:height\" content=\"337\" \/>\n\t<meta property=\"og:image:type\" content=\"image\/png\" \/>\n<meta name=\"twitter:card\" content=\"summary_large_image\" \/>\n<meta name=\"twitter:label1\" content=\"Tiempo de lectura\" \/>\n\t<meta name=\"twitter:data1\" content=\"1 minuto\" \/>\n<script type=\"application\/ld+json\" class=\"yoast-schema-graph\">{\"@context\":\"https:\/\/schema.org\",\"@graph\":[{\"@type\":\"WebPage\",\"@id\":\"https:\/\/courseai.eu\/es\/privacy-policy\/\",\"url\":\"https:\/\/courseai.eu\/es\/privacy-policy\/\",\"name\":\"Privacy Policy - Course AI\",\"isPartOf\":{\"@id\":\"https:\/\/courseai.eu\/#website\"},\"datePublished\":\"2025-10-31T11:58:27+00:00\",\"dateModified\":\"2025-11-04T12:04:58+00:00\",\"breadcrumb\":{\"@id\":\"https:\/\/courseai.eu\/es\/privacy-policy\/#breadcrumb\"},\"inLanguage\":\"es\",\"potentialAction\":[{\"@type\":\"ReadAction\",\"target\":[\"https:\/\/courseai.eu\/es\/privacy-policy\/\"]}]},{\"@type\":\"BreadcrumbList\",\"@id\":\"https:\/\/courseai.eu\/es\/privacy-policy\/#breadcrumb\",\"itemListElement\":[{\"@type\":\"ListItem\",\"position\":1,\"name\":\"Home\",\"item\":\"https:\/\/courseai.eu\/es\/\"},{\"@type\":\"ListItem\",\"position\":2,\"name\":\"Privacy Policy\"}]},{\"@type\":\"WebSite\",\"@id\":\"https:\/\/courseai.eu\/#website\",\"url\":\"https:\/\/courseai.eu\/\",\"name\":\"Course AI\",\"description\":\"\",\"publisher\":{\"@id\":\"https:\/\/courseai.eu\/#organization\"},\"alternateName\":\"Create amazing content\\u2028with the Course AI plugin\",\"potentialAction\":[{\"@type\":\"SearchAction\",\"target\":{\"@type\":\"EntryPoint\",\"urlTemplate\":\"https:\/\/courseai.eu\/?s={search_term_string}\"},\"query-input\":{\"@type\":\"PropertyValueSpecification\",\"valueRequired\":true,\"valueName\":\"search_term_string\"}}],\"inLanguage\":\"es\"},{\"@type\":\"Organization\",\"@id\":\"https:\/\/courseai.eu\/#organization\",\"name\":\"Course AI\",\"url\":\"https:\/\/courseai.eu\/\",\"logo\":{\"@type\":\"ImageObject\",\"inLanguage\":\"es\",\"@id\":\"https:\/\/courseai.eu\/#\/schema\/logo\/image\/\",\"url\":\"https:\/\/courseai.eu\/wp-content\/uploads\/2025\/08\/thumbnail.png\",\"contentUrl\":\"https:\/\/courseai.eu\/wp-content\/uploads\/2025\/08\/thumbnail.png\",\"width\":559,\"height\":337,\"caption\":\"Course AI\"},\"image\":{\"@id\":\"https:\/\/courseai.eu\/#\/schema\/logo\/image\/\"}}]}<\/script>\n<!-- \/ Yoast SEO plugin. -->","yoast_head_json":{"title":"Privacy Policy - Course AI","robots":{"index":"index","follow":"follow","max-snippet":"max-snippet:-1","max-image-preview":"max-image-preview:large","max-video-preview":"max-video-preview:-1"},"canonical":"https:\/\/courseai.eu\/es\/privacy-policy\/","og_locale":"es_ES","og_type":"article","og_title":"Privacy Policy - Course AI","og_description":"Privacy Policy Last updated: 27\/10\/2025 En CourseAI, estamos comprometidos con la protecci\u00f3n de tu privacidad. Esta pol\u00edtica describe c\u00f3mo recopilamos, [&hellip;]","og_url":"https:\/\/courseai.eu\/es\/privacy-policy\/","og_site_name":"Course AI","article_modified_time":"2025-11-04T12:04:58+00:00","og_image":[{"width":559,"height":337,"url":"https:\/\/courseai.eu\/wp-content\/uploads\/2025\/08\/thumbnail.png","type":"image\/png"}],"twitter_card":"summary_large_image","twitter_misc":{"Tiempo de lectura":"1 minuto"},"schema":{"@context":"https:\/\/schema.org","@graph":[{"@type":"WebPage","@id":"https:\/\/courseai.eu\/es\/privacy-policy\/","url":"https:\/\/courseai.eu\/es\/privacy-policy\/","name":"Privacy Policy - Course AI","isPartOf":{"@id":"https:\/\/courseai.eu\/#website"},"datePublished":"2025-10-31T11:58:27+00:00","dateModified":"2025-11-04T12:04:58+00:00","breadcrumb":{"@id":"https:\/\/courseai.eu\/es\/privacy-policy\/#breadcrumb"},"inLanguage":"es","potentialAction":[{"@type":"ReadAction","target":["https:\/\/courseai.eu\/es\/privacy-policy\/"]}]},{"@type":"BreadcrumbList","@id":"https:\/\/courseai.eu\/es\/privacy-policy\/#breadcrumb","itemListElement":[{"@type":"ListItem","position":1,"name":"Home","item":"https:\/\/courseai.eu\/es\/"},{"@type":"ListItem","position":2,"name":"Privacy Policy"}]},{"@type":"WebSite","@id":"https:\/\/courseai.eu\/#website","url":"https:\/\/courseai.eu\/","name":"Course AI","description":"","publisher":{"@id":"https:\/\/courseai.eu\/#organization"},"alternateName":"Create amazing content\u2028with the Course AI plugin","potentialAction":[{"@type":"SearchAction","target":{"@type":"EntryPoint","urlTemplate":"https:\/\/courseai.eu\/?s={search_term_string}"},"query-input":{"@type":"PropertyValueSpecification","valueRequired":true,"valueName":"search_term_string"}}],"inLanguage":"es"},{"@type":"Organization","@id":"https:\/\/courseai.eu\/#organization","name":"Course AI","url":"https:\/\/courseai.eu\/","logo":{"@type":"ImageObject","inLanguage":"es","@id":"https:\/\/courseai.eu\/#\/schema\/logo\/image\/","url":"https:\/\/courseai.eu\/wp-content\/uploads\/2025\/08\/thumbnail.png","contentUrl":"https:\/\/courseai.eu\/wp-content\/uploads\/2025\/08\/thumbnail.png","width":559,"height":337,"caption":"Course AI"},"image":{"@id":"https:\/\/courseai.eu\/#\/schema\/logo\/image\/"}}]}},"_links":{"self":[{"href":"https:\/\/courseai.eu\/es\/wp-json\/wp\/v2\/pages\/1739","targetHints":{"allow":["GET"]}}],"collection":[{"href":"https:\/\/courseai.eu\/es\/wp-json\/wp\/v2\/pages"}],"about":[{"href":"https:\/\/courseai.eu\/es\/wp-json\/wp\/v2\/types\/page"}],"author":[{"embeddable":true,"href":"https:\/\/courseai.eu\/es\/wp-json\/wp\/v2\/users\/1"}],"replies":[{"embeddable":true,"href":"https:\/\/courseai.eu\/es\/wp-json\/wp\/v2\/comments?post=1739"}],"version-history":[{"count":1,"href":"https:\/\/courseai.eu\/es\/wp-json\/wp\/v2\/pages\/1739\/revisions"}],"predecessor-version":[{"id":1741,"href":"https:\/\/courseai.eu\/es\/wp-json\/wp\/v2\/pages\/1739\/revisions\/1741"}],"wp:attachment":[{"href":"https:\/\/courseai.eu\/es\/wp-json\/wp\/v2\/media?parent=1739"}],"curies":[{"name":"wp","href":"https:\/\/api.w.org\/{rel}","templated":true}]}}