{"id":1727,"date":"2025-10-31T10:17:29","date_gmt":"2025-10-31T10:17:29","guid":{"rendered":"https:\/\/courseai-dev.host3ip.eu\/1695-2\/"},"modified":"2025-11-04T12:04:16","modified_gmt":"2025-11-04T12:04:16","slug":"cookies","status":"publish","type":"page","link":"https:\/\/courseai.eu\/da\/cookies\/","title":{"rendered":"Cookies"},"content":{"rendered":"\n<div class=\"wp-block-group is-layout-constrained wp-container-core-group-is-layout-bea02a06 wp-block-group-is-layout-constrained\">\n<h2 class=\"wp-block-heading\">Cookies Policy<\/h2>\n\n\n\n<p><strong>Sidst opdateret<\/strong>: oktober 2025<\/p>\n\n\n\n<p>Velkommen til Course AI. Hos Course AI bruger vi cookies for at sikre, at du f\u00e5r den bedst mulige oplevelse p\u00e5 vores hjemmeside og for at hj\u00e6lpe os med at forst\u00e5, hvordan vores bes\u00f8gende bruger den.<\/p>\n\n\n\n<h3 class=\"wp-block-heading\"><strong>1. Hvad er cookies?<\/strong><\/h3>\n\n\n\n<p>Cookies er sm\u00e5 tekstfiler, der gemmes p\u00e5 din enhed, n\u00e5r du bes\u00f8ger en hjemmeside. De hj\u00e6lper os med at f\u00e5 hjemmesiden til at fungere korrekt, forbedre brugeroplevelsen og indsamle analytiske oplysninger om, hvordan hjemmesiden bruges.<\/p>\n\n\n\n<h3 class=\"wp-block-heading\"><strong>2. Hvorfor vi bruger cookies<\/strong><\/h3>\n\n\n\n<p>P\u00e5 <strong>courseai.eu<\/strong> bruger vi cookies til f\u00f8lgende form\u00e5l:<\/p>\n\n\n\n<ul class=\"wp-block-list\">\n<li><strong>N\u00f8dvendige cookies:<\/strong> Disse cookies er n\u00f8dvendige for, at hjemmesiden fungerer korrekt (for eksempel for at opretholde en session eller aktivere sprogskift). De kan ikke deaktiveres uden at p\u00e5virke webstedets grundl\u00e6ggende funktioner.<br><\/li>\n\n\n\n<li><strong>Analysecookies:<\/strong> Disse cookies hj\u00e6lper os med at forst\u00e5, hvordan bes\u00f8gende interagerer med hjemmesiden (f.eks. hvilke sider der bliver bes\u00f8gt, hvor l\u00e6nge de bliver, og hvor de kommer fra), s\u00e5 vi l\u00f8bende kan forbedre vores indhold og brugeroplevelse.<br><\/li>\n\n\n\n<li><strong>Marketingcookies:<\/strong> Med dit samtykke bruger vi disse cookies til at levere og m\u00e5le effektiviteten af vores markedsf\u00f8ringskampagner, tilpasse annoncer og spore brug p\u00e5 tv\u00e6rs af forskellige enheder og tjenester.<br><\/li>\n<\/ul>\n\n\n\n<h3 class=\"wp-block-heading\"><strong>3. Administration af cookies<\/strong><\/h3>\n\n\n\n<p>Du kan til enhver tid administrere eller slette cookies via dine browserindstillinger. Bem\u00e6rk venligst, at hvis du deaktiverer cookies, kan visse funktioner p\u00e5 hjemmesiden muligvis ikke fungere som forventet eller v\u00e6re begr\u00e6nsede.<\/p>\n\n\n\n<h3 class=\"wp-block-heading\"><strong>4. Changes to this policy<\/strong><\/h3>\n\n\n\n<p>Vi kan fra tid til anden opdatere denne cookiepolitik. N\u00e5r vi g\u00f8r det, opdaterer vi datoen for \u201cSidst opdateret\u201d \u00f8verst i dette dokument. Vi anbefaler, at du tjekker denne side regelm\u00e6ssigt for eventuelle \u00e6ndringer.<\/p>\n\n\n\n<p><\/p>\n<\/div>\n\n\n\n<p><\/p>\n","protected":false},"excerpt":{"rendered":"<p>Cookies Policy Sidst opdateret: oktober 2025 Velkommen til Course AI. Hos Course AI bruger vi cookies for at sikre, at [&hellip;]<\/p>\n","protected":false},"author":1,"featured_media":0,"parent":0,"menu_order":0,"comment_status":"closed","ping_status":"closed","template":"","meta":{"site-sidebar-layout":"default","site-content-layout":"","ast-site-content-layout":"full-width-container","site-content-style":"default","site-sidebar-style":"default","ast-global-header-display":"","ast-banner-title-visibility":"","ast-main-header-display":"","ast-hfb-above-header-display":"","ast-hfb-below-header-display":"","ast-hfb-mobile-header-display":"","site-post-title":"disabled","ast-breadcrumbs-content":"","ast-featured-img":"","footer-sml-layout":"","ast-disable-related-posts":"","theme-transparent-header-meta":"","adv-header-id-meta":"","stick-header-meta":"","header-above-stick-meta":"","header-main-stick-meta":"","header-below-stick-meta":"","astra-migrate-meta-layouts":"default","ast-page-background-enabled":"default","ast-page-background-meta":{"desktop":{"background-color":"var(--ast-global-color-5)","background-image":"","background-repeat":"repeat","background-position":"center center","background-size":"auto","background-attachment":"scroll","background-type":"","background-media":"","overlay-type":"","overlay-color":"","overlay-opacity":"","overlay-gradient":""},"tablet":{"background-color":"","background-image":"","background-repeat":"repeat","background-position":"center center","background-size":"auto","background-attachment":"scroll","background-type":"","background-media":"","overlay-type":"","overlay-color":"","overlay-opacity":"","overlay-gradient":""},"mobile":{"background-color":"","background-image":"","background-repeat":"repeat","background-position":"center center","background-size":"auto","background-attachment":"scroll","background-type":"","background-media":"","overlay-type":"","overlay-color":"","overlay-opacity":"","overlay-gradient":""}},"ast-content-background-meta":{"desktop":{"background-color":"var(--ast-global-color-4)","background-image":"","background-repeat":"repeat","background-position":"center center","background-size":"auto","background-attachment":"scroll","background-type":"","background-media":"","overlay-type":"","overlay-color":"","overlay-opacity":"","overlay-gradient":""},"tablet":{"background-color":"var(--ast-global-color-4)","background-image":"","background-repeat":"repeat","background-position":"center center","background-size":"auto","background-attachment":"scroll","background-type":"","background-media":"","overlay-type":"","overlay-color":"","overlay-opacity":"","overlay-gradient":""},"mobile":{"background-color":"var(--ast-global-color-4)","background-image":"","background-repeat":"repeat","background-position":"center center","background-size":"auto","background-attachment":"scroll","background-type":"","background-media":"","overlay-type":"","overlay-color":"","overlay-opacity":"","overlay-gradient":""}},"footnotes":""},"class_list":["post-1727","page","type-page","status-publish","hentry"],"yoast_head":"<!-- This site is optimized with the Yoast SEO plugin v26.3 - https:\/\/yoast.com\/wordpress\/plugins\/seo\/ -->\n<title>Cookies - Course AI<\/title>\n<meta name=\"robots\" content=\"index, follow, max-snippet:-1, max-image-preview:large, max-video-preview:-1\" \/>\n<link rel=\"canonical\" href=\"https:\/\/courseai.eu\/da\/cookies\/\" \/>\n<meta property=\"og:locale\" content=\"da_DK\" \/>\n<meta property=\"og:type\" content=\"article\" \/>\n<meta property=\"og:title\" content=\"Cookies - Course AI\" \/>\n<meta property=\"og:description\" content=\"Cookies Policy Sidst opdateret: oktober 2025 Velkommen til Course AI. Hos Course AI bruger vi cookies for at sikre, at [&hellip;]\" \/>\n<meta property=\"og:url\" content=\"https:\/\/courseai.eu\/da\/cookies\/\" \/>\n<meta property=\"og:site_name\" content=\"Course AI\" \/>\n<meta property=\"article:modified_time\" content=\"2025-11-04T12:04:16+00:00\" \/>\n<meta property=\"og:image\" content=\"https:\/\/courseai.eu\/wp-content\/uploads\/2025\/08\/thumbnail.png\" \/>\n\t<meta property=\"og:image:width\" content=\"559\" \/>\n\t<meta property=\"og:image:height\" content=\"337\" \/>\n\t<meta property=\"og:image:type\" content=\"image\/png\" \/>\n<meta name=\"twitter:card\" content=\"summary_large_image\" \/>\n<meta name=\"twitter:label1\" content=\"Estimeret l\u00e6setid\" \/>\n\t<meta name=\"twitter:data1\" content=\"1 minut\" \/>\n<script type=\"application\/ld+json\" class=\"yoast-schema-graph\">{\"@context\":\"https:\/\/schema.org\",\"@graph\":[{\"@type\":\"WebPage\",\"@id\":\"https:\/\/courseai.eu\/da\/cookies\/\",\"url\":\"https:\/\/courseai.eu\/da\/cookies\/\",\"name\":\"Cookies - Course AI\",\"isPartOf\":{\"@id\":\"https:\/\/courseai.eu\/#website\"},\"datePublished\":\"2025-10-31T10:17:29+00:00\",\"dateModified\":\"2025-11-04T12:04:16+00:00\",\"breadcrumb\":{\"@id\":\"https:\/\/courseai.eu\/da\/cookies\/#breadcrumb\"},\"inLanguage\":\"da-DK\",\"potentialAction\":[{\"@type\":\"ReadAction\",\"target\":[\"https:\/\/courseai.eu\/da\/cookies\/\"]}]},{\"@type\":\"BreadcrumbList\",\"@id\":\"https:\/\/courseai.eu\/da\/cookies\/#breadcrumb\",\"itemListElement\":[{\"@type\":\"ListItem\",\"position\":1,\"name\":\"Home\",\"item\":\"https:\/\/courseai.eu\/da\/\"},{\"@type\":\"ListItem\",\"position\":2,\"name\":\"Cookies\"}]},{\"@type\":\"WebSite\",\"@id\":\"https:\/\/courseai.eu\/#website\",\"url\":\"https:\/\/courseai.eu\/\",\"name\":\"Course AI\",\"description\":\"\",\"publisher\":{\"@id\":\"https:\/\/courseai.eu\/#organization\"},\"alternateName\":\"Create amazing content\\u2028with the Course AI plugin\",\"potentialAction\":[{\"@type\":\"SearchAction\",\"target\":{\"@type\":\"EntryPoint\",\"urlTemplate\":\"https:\/\/courseai.eu\/?s={search_term_string}\"},\"query-input\":{\"@type\":\"PropertyValueSpecification\",\"valueRequired\":true,\"valueName\":\"search_term_string\"}}],\"inLanguage\":\"da-DK\"},{\"@type\":\"Organization\",\"@id\":\"https:\/\/courseai.eu\/#organization\",\"name\":\"Course AI\",\"url\":\"https:\/\/courseai.eu\/\",\"logo\":{\"@type\":\"ImageObject\",\"inLanguage\":\"da-DK\",\"@id\":\"https:\/\/courseai.eu\/#\/schema\/logo\/image\/\",\"url\":\"https:\/\/courseai.eu\/wp-content\/uploads\/2025\/08\/thumbnail.png\",\"contentUrl\":\"https:\/\/courseai.eu\/wp-content\/uploads\/2025\/08\/thumbnail.png\",\"width\":559,\"height\":337,\"caption\":\"Course AI\"},\"image\":{\"@id\":\"https:\/\/courseai.eu\/#\/schema\/logo\/image\/\"}}]}<\/script>\n<!-- \/ Yoast SEO plugin. -->","yoast_head_json":{"title":"Cookies - Course AI","robots":{"index":"index","follow":"follow","max-snippet":"max-snippet:-1","max-image-preview":"max-image-preview:large","max-video-preview":"max-video-preview:-1"},"canonical":"https:\/\/courseai.eu\/da\/cookies\/","og_locale":"da_DK","og_type":"article","og_title":"Cookies - Course AI","og_description":"Cookies Policy Sidst opdateret: oktober 2025 Velkommen til Course AI. Hos Course AI bruger vi cookies for at sikre, at [&hellip;]","og_url":"https:\/\/courseai.eu\/da\/cookies\/","og_site_name":"Course AI","article_modified_time":"2025-11-04T12:04:16+00:00","og_image":[{"width":559,"height":337,"url":"https:\/\/courseai.eu\/wp-content\/uploads\/2025\/08\/thumbnail.png","type":"image\/png"}],"twitter_card":"summary_large_image","twitter_misc":{"Estimeret l\u00e6setid":"1 minut"},"schema":{"@context":"https:\/\/schema.org","@graph":[{"@type":"WebPage","@id":"https:\/\/courseai.eu\/da\/cookies\/","url":"https:\/\/courseai.eu\/da\/cookies\/","name":"Cookies - Course AI","isPartOf":{"@id":"https:\/\/courseai.eu\/#website"},"datePublished":"2025-10-31T10:17:29+00:00","dateModified":"2025-11-04T12:04:16+00:00","breadcrumb":{"@id":"https:\/\/courseai.eu\/da\/cookies\/#breadcrumb"},"inLanguage":"da-DK","potentialAction":[{"@type":"ReadAction","target":["https:\/\/courseai.eu\/da\/cookies\/"]}]},{"@type":"BreadcrumbList","@id":"https:\/\/courseai.eu\/da\/cookies\/#breadcrumb","itemListElement":[{"@type":"ListItem","position":1,"name":"Home","item":"https:\/\/courseai.eu\/da\/"},{"@type":"ListItem","position":2,"name":"Cookies"}]},{"@type":"WebSite","@id":"https:\/\/courseai.eu\/#website","url":"https:\/\/courseai.eu\/","name":"Course AI","description":"","publisher":{"@id":"https:\/\/courseai.eu\/#organization"},"alternateName":"Create amazing content\u2028with the Course AI plugin","potentialAction":[{"@type":"SearchAction","target":{"@type":"EntryPoint","urlTemplate":"https:\/\/courseai.eu\/?s={search_term_string}"},"query-input":{"@type":"PropertyValueSpecification","valueRequired":true,"valueName":"search_term_string"}}],"inLanguage":"da-DK"},{"@type":"Organization","@id":"https:\/\/courseai.eu\/#organization","name":"Course AI","url":"https:\/\/courseai.eu\/","logo":{"@type":"ImageObject","inLanguage":"da-DK","@id":"https:\/\/courseai.eu\/#\/schema\/logo\/image\/","url":"https:\/\/courseai.eu\/wp-content\/uploads\/2025\/08\/thumbnail.png","contentUrl":"https:\/\/courseai.eu\/wp-content\/uploads\/2025\/08\/thumbnail.png","width":559,"height":337,"caption":"Course AI"},"image":{"@id":"https:\/\/courseai.eu\/#\/schema\/logo\/image\/"}}]}},"_links":{"self":[{"href":"https:\/\/courseai.eu\/da\/wp-json\/wp\/v2\/pages\/1727","targetHints":{"allow":["GET"]}}],"collection":[{"href":"https:\/\/courseai.eu\/da\/wp-json\/wp\/v2\/pages"}],"about":[{"href":"https:\/\/courseai.eu\/da\/wp-json\/wp\/v2\/types\/page"}],"author":[{"embeddable":true,"href":"https:\/\/courseai.eu\/da\/wp-json\/wp\/v2\/users\/1"}],"replies":[{"embeddable":true,"href":"https:\/\/courseai.eu\/da\/wp-json\/wp\/v2\/comments?post=1727"}],"version-history":[{"count":2,"href":"https:\/\/courseai.eu\/da\/wp-json\/wp\/v2\/pages\/1727\/revisions"}],"predecessor-version":[{"id":1736,"href":"https:\/\/courseai.eu\/da\/wp-json\/wp\/v2\/pages\/1727\/revisions\/1736"}],"wp:attachment":[{"href":"https:\/\/courseai.eu\/da\/wp-json\/wp\/v2\/media?parent=1727"}],"curies":[{"name":"wp","href":"https:\/\/api.w.org\/{rel}","templated":true}]}}